{"id":11,"date":"2019-11-16T03:13:37","date_gmt":"2019-11-16T03:13:37","guid":{"rendered":"http:\/\/altosdeleonamar.com\/?page_id=11"},"modified":"2019-12-20T14:57:38","modified_gmt":"2019-12-20T20:57:38","slug":"home-page","status":"publish","type":"page","link":"https:\/\/altosdeleonamar.com\/es\/","title":{"rendered":"Altos de Leonamar"},"content":{"rendered":"<div data-elementor-type=\"wp-page\" data-elementor-id=\"11\" class=\"elementor elementor-11\">\n\t\t\t\t\t\t<section class=\"elementor-section elementor-top-section elementor-element elementor-element-c0d4d2f elementor-section-boxed elementor-section-height-default elementor-section-height-default\" data-id=\"c0d4d2f\" data-element_type=\"section\">\n\t\t\t\t\t\t<div class=\"elementor-container elementor-column-gap-default\">\n\t\t\t\t\t<div class=\"elementor-column elementor-col-100 elementor-top-column elementor-element elementor-element-82238b7\" data-id=\"82238b7\" data-element_type=\"column\">\n\t\t\t<div class=\"elementor-widget-wrap elementor-element-populated\">\n\t\t\t\t\t\t\t<\/div>\n\t\t<\/div>\n\t\t\t\t\t<\/div>\n\t\t<\/section>\n\t\t\t\t<section class=\"elementor-section elementor-top-section elementor-element elementor-element-0facbba elementor-section-boxed elementor-section-height-default elementor-section-height-default\" data-id=\"0facbba\" data-element_type=\"section\">\n\t\t\t\t\t\t<div class=\"elementor-container elementor-column-gap-default\">\n\t\t\t\t\t<div class=\"elementor-column elementor-col-100 elementor-top-column elementor-element elementor-element-ddfecdd\" data-id=\"ddfecdd\" data-element_type=\"column\">\n\t\t\t<div class=\"elementor-widget-wrap elementor-element-populated\">\n\t\t\t\t\t\t<div class=\"elementor-element elementor-element-c0a60e2 elementor-widget__width-inherit elementor-widget elementor-widget-text-editor\" data-id=\"c0a60e2\" data-element_type=\"widget\" data-widget_type=\"text-editor.default\">\n\t\t\t\t<div class=\"elementor-widget-container\">\n\t\t\t\t\t\t\t<p>La exclusiva comunidad residencial de Altos de Leonamar est\u00e1 situada en el punto con vistas a una de las playas m\u00e1s hermosas de Costa Rica, Playa Blanca, y con vistas al Oc\u00e9ano Pac\u00edfico y a la Bah\u00eda de Nicoya.\u00a0 Se encuentra en la zona de Punta Leona en el cant\u00f3n de Garabito, a 25 minutos de la Marina de Los Sue\u00f1os y de la popular ciudad tur\u00edstica de Playa Jaco.\u00a0 Este sitio web ofrece a los propietarios de Altos de Leonamar informaci\u00f3n importante como informes financieros, actas de reuniones, calendario de eventos y el reglamento del condominio.\u00a0 Si usted es propietario y no tiene acceso a este sitio, por favor siga <a href=\"\/es\/access-request\/\">este enlace<\/a> para llenar el formulario.\u00a0 Una vez verificada su solicitud, le enviaremos instrucciones para acceder al sitio.<\/p>\t\t\t\t\t\t<\/div>\n\t\t\t\t<\/div>\n\t\t\t\t\t<\/div>\n\t\t<\/div>\n\t\t\t\t\t<\/div>\n\t\t<\/section>\n\t\t\t\t<section class=\"elementor-section elementor-top-section elementor-element elementor-element-7cef40a elementor-section-stretched elementor-section-full_width elementor-section-height-default elementor-section-height-default\" data-id=\"7cef40a\" data-element_type=\"section\" data-settings=\"{&quot;stretch_section&quot;:&quot;section-stretched&quot;,&quot;background_background&quot;:&quot;classic&quot;}\">\n\t\t\t\t\t\t<div class=\"elementor-container elementor-column-gap-default\">\n\t\t\t\t\t<div class=\"elementor-column elementor-col-100 elementor-top-column elementor-element elementor-element-24cc096\" data-id=\"24cc096\" data-element_type=\"column\">\n\t\t\t<div class=\"elementor-widget-wrap elementor-element-populated\">\n\t\t\t\t\t\t<div class=\"elementor-element elementor-element-1406de9 elementor-widget elementor-widget-heading\" data-id=\"1406de9\" data-element_type=\"widget\" data-widget_type=\"heading.default\">\n\t\t\t\t<div class=\"elementor-widget-container\">\n\t\t\t<h2 class=\"elementor-heading-title elementor-size-default\">Nueva Pagina Muy Pronto!<\/h2>\t\t<\/div>\n\t\t\t\t<\/div>\n\t\t\t\t\t<\/div>\n\t\t<\/div>\n\t\t\t\t\t<\/div>\n\t\t<\/section>\n\t\t\t\t<\/div>","protected":false},"excerpt":{"rendered":"<p>The exclusive gated community of Altos de Leonamar is situated on the point overlooking one of the most beautiful white-sand beaches in Costa Rica, Playa Blanca, and with views of the Pacific Ocean and Nicoya Bay.\u00a0 It is located in the area of Punta Leona in the canton of Garabito, 25 minutes from Los Sue\u00f1os &hellip; <\/p>\n<p class=\"link-more\"><a href=\"https:\/\/altosdeleonamar.com\/es\/\" class=\"more-link\">Continue reading<span class=\"screen-reader-text\"> &#8220;Altos de Leonamar&#8221;<\/span><\/a><\/p>","protected":false},"author":2,"featured_media":0,"parent":0,"menu_order":0,"comment_status":"closed","ping_status":"closed","template":"","meta":[],"_links":{"self":[{"href":"https:\/\/altosdeleonamar.com\/es\/wp-json\/wp\/v2\/pages\/11"}],"collection":[{"href":"https:\/\/altosdeleonamar.com\/es\/wp-json\/wp\/v2\/pages"}],"about":[{"href":"https:\/\/altosdeleonamar.com\/es\/wp-json\/wp\/v2\/types\/page"}],"author":[{"embeddable":true,"href":"https:\/\/altosdeleonamar.com\/es\/wp-json\/wp\/v2\/users\/2"}],"replies":[{"embeddable":true,"href":"https:\/\/altosdeleonamar.com\/es\/wp-json\/wp\/v2\/comments?post=11"}],"version-history":[{"count":29,"href":"https:\/\/altosdeleonamar.com\/es\/wp-json\/wp\/v2\/pages\/11\/revisions"}],"predecessor-version":[{"id":215,"href":"https:\/\/altosdeleonamar.com\/es\/wp-json\/wp\/v2\/pages\/11\/revisions\/215"}],"wp:attachment":[{"href":"https:\/\/altosdeleonamar.com\/es\/wp-json\/wp\/v2\/media?parent=11"}],"curies":[{"name":"wp","href":"https:\/\/api.w.org\/{rel}","templated":true}]}}